{"id":129,"date":"2017-08-18T17:23:55","date_gmt":"2017-08-18T15:23:55","guid":{"rendered":"http:\/\/chilldiver.de\/?page_id=129"},"modified":"2025-05-29T17:52:52","modified_gmt":"2025-05-29T15:52:52","slug":"intro","status":"publish","type":"page","link":"https:\/\/raabe-berlin.de\/","title":{"rendered":"unser Motto &#8230;"},"content":{"rendered":"<div id=\"attachment_49\" style=\"width: 210px\" class=\"wp-caption alignleft\"><img loading=\"lazy\" decoding=\"async\" aria-describedby=\"caption-attachment-49\" class=\"wp-image-49 \" src=\"https:\/\/raabe-berlin.de\/wp-content\/uploads\/2017\/08\/mferner_ying_yang-200x300.png\" alt=\"\" width=\"200\" height=\"300\"><p id=\"caption-attachment-49\" class=\"wp-caption-text\"><em> M.Ferner, Yin&amp;Yang<\/em><\/p><\/div>\n<p>&nbsp;<\/p>\n<p style=\"padding-left: 260px;\"><span style=\"font-size: 1.2em;\">Verantwortlich ist man nicht nur f\u00fcr das,<br \/>\nwas man tut,<br \/>\nsondern auch f\u00fcr das,<br \/>\nwas man nicht tut.<\/span><br \/>\n<em>(Laotse)<\/em><\/p>\n<p>&nbsp;<\/p>\n<p>&nbsp;<\/p>\n<p>&nbsp;<\/p>\n<p>&nbsp;<\/p>\n<p class=\"p1\">Sch\u00f6n, dass Sie unsere Seite besuchen! Hier teilen wir als Familie unsere sch\u00f6nsten Erlebnisse, Fotos und Erinnerungen aus Berlin und der Welt. Entdecken Sie unsere Hobbys, Reiseberichte und alles, was uns bewegt. Teilen sie unsere Erfahrungen und lassen sie sich ggf. inspirieren.<\/p>\n<h3>Related Images:<\/h3>","protected":false},"excerpt":{"rendered":"<p>&nbsp; Verantwortlich ist man nicht nur f\u00fcr das, was man tut, sondern auch f\u00fcr das, was man nicht tut. (Laotse) &nbsp; &nbsp; &nbsp; &nbsp; Sch\u00f6n, dass Sie unsere Seite besuchen! Hier teilen wir als Familie unsere sch\u00f6nsten Erlebnisse, Fotos und &hellip; <a href=\"https:\/\/raabe-berlin.de\/\">Weiterlesen <span class=\"meta-nav\">&rarr;<\/span><\/a><\/p>\n","protected":false},"author":1,"featured_media":41,"parent":0,"menu_order":0,"comment_status":"closed","ping_status":"closed","template":"","meta":{"ngg_post_thumbnail":0,"footnotes":""},"class_list":["post-129","page","type-page","status-publish","has-post-thumbnail","hentry"],"aioseo_notices":[],"_links":{"self":[{"href":"https:\/\/raabe-berlin.de\/index.php?rest_route=\/wp\/v2\/pages\/129","targetHints":{"allow":["GET"]}}],"collection":[{"href":"https:\/\/raabe-berlin.de\/index.php?rest_route=\/wp\/v2\/pages"}],"about":[{"href":"https:\/\/raabe-berlin.de\/index.php?rest_route=\/wp\/v2\/types\/page"}],"author":[{"embeddable":true,"href":"https:\/\/raabe-berlin.de\/index.php?rest_route=\/wp\/v2\/users\/1"}],"replies":[{"embeddable":true,"href":"https:\/\/raabe-berlin.de\/index.php?rest_route=%2Fwp%2Fv2%2Fcomments&post=129"}],"version-history":[{"count":8,"href":"https:\/\/raabe-berlin.de\/index.php?rest_route=\/wp\/v2\/pages\/129\/revisions"}],"predecessor-version":[{"id":5378,"href":"https:\/\/raabe-berlin.de\/index.php?rest_route=\/wp\/v2\/pages\/129\/revisions\/5378"}],"wp:featuredmedia":[{"embeddable":true,"href":"https:\/\/raabe-berlin.de\/index.php?rest_route=\/wp\/v2\/media\/41"}],"wp:attachment":[{"href":"https:\/\/raabe-berlin.de\/index.php?rest_route=%2Fwp%2Fv2%2Fmedia&parent=129"}],"curies":[{"name":"wp","href":"https:\/\/api.w.org\/{rel}","templated":true}]}}