{"id":163,"date":"2017-08-18T19:59:43","date_gmt":"2017-08-18T17:59:43","guid":{"rendered":"http:\/\/chilldiver.de\/?page_id=163"},"modified":"2022-03-29T19:22:00","modified_gmt":"2022-03-29T17:22:00","slug":"parkinson","status":"publish","type":"page","link":"https:\/\/raabe-berlin.de\/?page_id=163","title":{"rendered":"Parkinson"},"content":{"rendered":"<p><img loading=\"lazy\" decoding=\"async\" class=\"content alignright\" src=\"https:\/\/raabe-berlin.de\/wp-content\/uploads\/2017\/09\/AOsterreich_0406__202.jpg\" alt=\"AOsterreich_0406__202.jpg\" width=\"200\" height=\"266\" align=\"right\"><\/p>\n<p align=\"justify\">Ich geh\u00f6re zu den U40, d.h. eine der &#8221;Statistikausnahmen&#8221;, bei denen die Parkinson-Krankheit fr\u00fcher diagnostiziert wird als bei den meisten Betroffenen. Betroffen war ich auch und in der ersten Zeit nicht so richtig bereit die Diagnose zu akzeptieren.<\/p>\n<p align=\"justify\">Es fiel mir zusehend schwer dem Arbeitsablauf zu folgen und auch der festgestellte GdB konnte letztlich nichts daran \u00e4ndern, dass sich die Erwartungshaltung negativ auf mein Gesamtbefinden auswirkten. Der Versuch so lange wie m\u00f6glich im Berufsleben zu verbleiben, wurde zur Qual. W\u00e4hrend ich fr\u00fcher mit meiner Arbeit zufrieden war, machte mir mein &#8221;Unterbewu\u00dftsein&#8221; zu schaffen und ich war letztlich doppelt belastet. Die schlechte Arbeitsleistung zehrte an den Nerven und mein Gesundheitszustand wurde nicht besser.<\/p>\n<p>Der Rentenbescheid kam wie eine Erl\u00f6sung &#8211; und einem anderen Problem &#8211; wie sollte ich meine Kontakte erhalten. Zum Gl\u00fcck halten die Freundschaften und eine ganz besondere St\u00fctze habe ich in meiner Familie.<\/p>\n<p>Bis jetzt &#8221;teu, teu, teu&#8221; kann ich also diesbez\u00fcglich nicht klagen.<\/p>\n<h3>Related Images:<\/h3>","protected":false},"excerpt":{"rendered":"<p>Ich geh\u00f6re zu den U40, d.h. eine der &#8221;Statistikausnahmen&#8221;, bei denen die Parkinson-Krankheit fr\u00fcher diagnostiziert wird als bei den meisten Betroffenen. Betroffen war ich auch und in der ersten Zeit nicht so richtig bereit die Diagnose zu akzeptieren. Es fiel &hellip; <a href=\"https:\/\/raabe-berlin.de\/?page_id=163\">Weiterlesen <span class=\"meta-nav\">&rarr;<\/span><\/a><\/p>\n","protected":false},"author":1,"featured_media":0,"parent":0,"menu_order":0,"comment_status":"closed","ping_status":"closed","template":"","meta":{"ngg_post_thumbnail":0,"footnotes":""},"class_list":["post-163","page","type-page","status-publish","hentry"],"aioseo_notices":[],"_links":{"self":[{"href":"https:\/\/raabe-berlin.de\/index.php?rest_route=\/wp\/v2\/pages\/163","targetHints":{"allow":["GET"]}}],"collection":[{"href":"https:\/\/raabe-berlin.de\/index.php?rest_route=\/wp\/v2\/pages"}],"about":[{"href":"https:\/\/raabe-berlin.de\/index.php?rest_route=\/wp\/v2\/types\/page"}],"author":[{"embeddable":true,"href":"https:\/\/raabe-berlin.de\/index.php?rest_route=\/wp\/v2\/users\/1"}],"replies":[{"embeddable":true,"href":"https:\/\/raabe-berlin.de\/index.php?rest_route=%2Fwp%2Fv2%2Fcomments&post=163"}],"version-history":[{"count":5,"href":"https:\/\/raabe-berlin.de\/index.php?rest_route=\/wp\/v2\/pages\/163\/revisions"}],"predecessor-version":[{"id":4442,"href":"https:\/\/raabe-berlin.de\/index.php?rest_route=\/wp\/v2\/pages\/163\/revisions\/4442"}],"wp:attachment":[{"href":"https:\/\/raabe-berlin.de\/index.php?rest_route=%2Fwp%2Fv2%2Fmedia&parent=163"}],"curies":[{"name":"wp","href":"https:\/\/api.w.org\/{rel}","templated":true}]}}