{"id":4213,"date":"2020-12-06T18:07:37","date_gmt":"2020-12-06T17:07:37","guid":{"rendered":"https:\/\/raabe-berlin.de\/?page_id=4213"},"modified":"2023-10-30T18:35:51","modified_gmt":"2023-10-30T17:35:51","slug":"training-ausbildung","status":"publish","type":"page","link":"https:\/\/raabe-berlin.de\/?page_id=4213","title":{"rendered":"Skippertraining"},"content":{"rendered":"<p>ngg_shortcode_0_placeholderSeit 2016 beteilige ich mich an der Ausbildung im <a title=\"Skippertraining\" href=\"https:\/\/sc-brise.de\/ausbildung\/skippertraining\/\" target=\"_blank\" rel=\"noopener\">SC Brise 1898 e.V.<\/a> in Berlin und habe mich dort auf das Skippertraining, den SBF-See und die SKS Ausbildung konzentriert.<br \/>\nViele Berliner zieht es an die Ostsee. Ein sehr sch\u00f6nes Segelrevier mit seinen T\u00fccken und Herausforderungen auf die man sich gut vorbereiten kann. Wir \u00fcben mit bis zu 3 Yachten Hafenman\u00f6ver, Yachtf\u00fchrung in Kooperation mit &#8220;<a title=\"Sail &amp; Surf R\u00fcgen\" href=\"https:\/\/www.segelschule-ruegen.de\/\" target=\"_blank\" rel=\"noopener noreferrer\">Sail &amp; Surf R\u00fcgen<\/a>&#8220;.<\/p>\n<p>Was macht unsere Ausbildung so besonders? Wir gehen mit nur 4 TeilnehmerInnen zeitig im Fr\u00fchjahr an Bord und nutzen preiswerte Unterk\u00fcnfte f\u00fcr die \u00dcbernachtung. Eine Kombination, die uns eine sehr intensive Ausbildung erlaubt und am Abend noch Zeit f\u00fcr eine Theorieauffrischung bietet.&nbsp;<\/p>\n<p>Hier ein kurze Auszug aus einem Programm (2022):<\/p>\n<ul>\n<li>Anreise Freitag und Kennenlernen bei einem gemeinsamen Abendessen. Unterkunft im <a title=\"Jungendg\u00e4stehaus am Sund\" href=\"https:\/\/www.gruppenhaus.de\/jugendgaestehaus-haus-am-sund-gmbh-stralsund-altefaehr-hs6799.html\" target=\"_blank\" rel=\"noopener\">Jungendg\u00e4stehaus am Sund<\/a> (DZ).<\/li>\n<li>Samstag, Yacht\u00fcbernahme und Kennenlernt\u00f6rn auf dem Strelasund, tlw. bis Barh\u00f6ft<\/li>\n<li>Sonntag, Hafentraining in Stralsund (Pier, Fingerstege)<\/li>\n<li>Montag, Hafentraining in Stralsund \/ D\u00e4nholm (Pier, Boxen, Fingerstege)<\/li>\n<li>Dienstag, Hafentraining, Tanken und R\u00fcckgabe Yacht<\/li>\n<\/ul>\n<p>den dazu geh\u00f6renden Teilnehmerbericht gibt es auf der Seite vom SC Brise.<\/p>\n<p>F\u00fcr die Ausbildung SBF, SKS m\u00f6chte ich den <a href=\"https:\/\/www.sc-brise.de\/ausbildung\/\" target=\"_blank\" rel=\"noopener noreferrer\">SC Brise 1898 e.V.<\/a>, Berlin empfehlen. Wer an ferne Ziele denkt, dem sei ein Offshore Sicherheitstraining bei <a href=\"https:\/\/www.sailpartner.de\/\" target=\"_blank\" rel=\"noopener noreferrer\">SAILPARTNER<\/a> ans Herz gelegt.<\/p>\n<p>Neben dem Skippertraining haben ich mich mit einem Segelkameraden auf Sicherheitstechnik spezialisiert und wir stehen in Kooperation mit der <a href=\"https:\/\/www.sostechnic.com\/\" target=\"_blank\" rel=\"noopener noreferrer\">Fa. SOSTECHNIC<\/a> in Berlin f\u00fcr Fragen zur Verf\u00fcgung.<\/p>\n<hr>\n<p>Bericht und Teilnehmerbericht siehe &#8220;<a title=\"2022 Skippertraining\" href=\"https:\/\/raabe-berlin.de\/?p=4450\" target=\"_blank\" rel=\"noopener\">2022 Skippertraining<\/a>&#8221;&nbsp;<\/p>\n<h3>Related Images:<\/h3>","protected":false},"excerpt":{"rendered":"<p>Seit 2016 beteilige ich mich an der Ausbildung im SC Brise 1898 e.V. in Berlin und habe mich dort auf das Skippertraining, den SBF-See und die SKS Ausbildung konzentriert. Viele Berliner zieht es an die Ostsee. Ein sehr sch\u00f6nes Segelrevier &hellip; <a href=\"https:\/\/raabe-berlin.de\/?page_id=4213\">Weiterlesen <span class=\"meta-nav\">&rarr;<\/span><\/a><\/p>\n","protected":false},"author":1,"featured_media":4215,"parent":0,"menu_order":0,"comment_status":"closed","ping_status":"closed","template":"","meta":{"ngg_post_thumbnail":0,"footnotes":""},"class_list":["post-4213","page","type-page","status-publish","has-post-thumbnail","hentry"],"aioseo_notices":[],"_links":{"self":[{"href":"https:\/\/raabe-berlin.de\/index.php?rest_route=\/wp\/v2\/pages\/4213","targetHints":{"allow":["GET"]}}],"collection":[{"href":"https:\/\/raabe-berlin.de\/index.php?rest_route=\/wp\/v2\/pages"}],"about":[{"href":"https:\/\/raabe-berlin.de\/index.php?rest_route=\/wp\/v2\/types\/page"}],"author":[{"embeddable":true,"href":"https:\/\/raabe-berlin.de\/index.php?rest_route=\/wp\/v2\/users\/1"}],"replies":[{"embeddable":true,"href":"https:\/\/raabe-berlin.de\/index.php?rest_route=%2Fwp%2Fv2%2Fcomments&post=4213"}],"version-history":[{"count":12,"href":"https:\/\/raabe-berlin.de\/index.php?rest_route=\/wp\/v2\/pages\/4213\/revisions"}],"predecessor-version":[{"id":4980,"href":"https:\/\/raabe-berlin.de\/index.php?rest_route=\/wp\/v2\/pages\/4213\/revisions\/4980"}],"wp:featuredmedia":[{"embeddable":true,"href":"https:\/\/raabe-berlin.de\/index.php?rest_route=\/wp\/v2\/media\/4215"}],"wp:attachment":[{"href":"https:\/\/raabe-berlin.de\/index.php?rest_route=%2Fwp%2Fv2%2Fmedia&parent=4213"}],"curies":[{"name":"wp","href":"https:\/\/api.w.org\/{rel}","templated":true}]}}