{"id":4248,"date":"2021-02-27T19:54:50","date_gmt":"2021-02-27T18:54:50","guid":{"rendered":"https:\/\/raabe-berlin.de\/?page_id=4248"},"modified":"2025-11-02T17:09:42","modified_gmt":"2025-11-02T16:09:42","slug":"anja-kleines-logbuch","status":"publish","type":"page","link":"https:\/\/raabe-berlin.de\/?page_id=4248","title":{"rendered":"Anja&#8217;s kleines WebLogbuch"},"content":{"rendered":"<p>Wo geht es hin und wo &#8220;isse&#8221;. Anja&#8217;s kleines WebLogbuch&nbsp;mit den wichtigsten Stationen. Einfach zum Durchscrollen wo es hinging oder per AIS zum aktuellen Verfolgen.<\/p>\n<p>Jetzt mit AIS:<\/p>\n<p><script type=\"text\/javascript\" src=\"https:\/\/www.vesselfinder.com\/aismap.js\"><\/script><\/p>\n<p>&nbsp;<\/p>\n<hr>\n<h2>2025 .. (586 sm)<\/h2>\n<ul>\n<li>Oktober\n<ul>\n<li>f\u00e4llt leider wegen Sturm aus.<\/li>\n<\/ul>\n<\/li>\n<li>&nbsp;September\n<ul>\n<li>19.-21. Familie Schulze zu dritt&nbsp;<\/li>\n<li>06.-09. Hanse Cup 2025, 5 Platz in der Gruppe&nbsp;<\/li>\n<\/ul>\n<\/li>\n<li>August\n<ul>\n<li>15.-17. Mit Uli und Heidi ein &#8220;<a href=\"https:\/\/raabe-berlin.de\/?p=5417\">all inclusive<\/a>&#8221; Wetter-T\u00f6rn<\/li>\n<li>02.08. Einhand &#8211; einmal Duschen vor Palmer Ort<\/li>\n<\/ul>\n<\/li>\n<li>Juli\n<ul>\n<li>18.-20. Perfektes Segelwetter mit Kay<\/li>\n<\/ul>\n<\/li>\n<li>Juni\n<ul>\n<li>21.-23. Einhand &#8220;Bodden Rund&#8221; mit Grillen in Glewitz<\/li>\n<li>07.-08. <a title=\"Wetterkapriolen\" href=\"https:\/\/raabe-berlin.de\/?p=5390\">Wetterkapriolen<\/a> zu Pfingsten&nbsp;<\/li>\n<\/ul>\n<\/li>\n<li>Mai\n<ul>\n<li>23.-25. Der <a title=\"Dahme-M\u00fcggelsee-Zeuten OstseeCup\" href=\"https:\/\/raabe-berlin.de\/?p=5357\" target=\"_blank\" rel=\"noopener\">Dahme-M\u00fcggelsee-Zeuten OstseeCup<\/a>, Segelabenteuer mit Wetterkapriolen, einem echten Seenotfall und spannender Regatta-Atmosph\u00e4re \u2013 von der Rettung einer Paddlerin bis zum ersten Einsatz des Spinnakers.<\/li>\n<li>08.-11. Erster <a title=\"2025 Saisoner\u00f6ffnung\" href=\"https:\/\/raabe-berlin.de\/?p=5332\">Wochenendt\u00f6rn &#8220;Rund R\u00fcgen&#8221;<\/a> mit dem hartgesottenen Peter. Ein perfektes Segelwochenende bei frischen Temperaturen!! Wir treffen uns in den H\u00e4fen mit der &#8220;SeeRum&#8221; von Oli&amp;Beate.&nbsp;<br \/>\nGriepswold -&gt; Sassnitz -&gt; Kloster -&gt; Glewitz &#8211; HGW<\/li>\n<\/ul>\n<\/li>\n<\/ul>\n<hr>\n<h2>2024 .. (662 sm)<\/h2>\n<ul>\n<li>Oktober\n<ul>\n<li>03.-06. Der <a title=\"Johnny Cash T\u00f6rn\" href=\"https:\/\/raabe-berlin.de\/?p=5211\">Johnny Cash T\u00f6rn<\/a> mit Frank.&nbsp;<\/li>\n<\/ul>\n<\/li>\n<li>&nbsp;September\n<ul>\n<li><a title=\"2024 Der 26. Hanse Cup\" href=\"https:\/\/raabe-berlin.de\/?p=5128\">26. HanseCup<\/a> mir Georg. 7. Platz Gesamtwertung Gruppe 1<\/li>\n<\/ul>\n<\/li>\n<li>&nbsp;August\n<ul>\n<li>16.-18.08. Ein Jugend-WE \ud83d\ude09 nach Sellin und Peenem\u00fcnde<\/li>\n<li>10.\/11. Stegsegeln mit Birgit<\/li>\n<\/ul>\n<\/li>\n<li>&nbsp;Juli\n<ul>\n<li>26.-28. Turbulentes Wochenende mit Kay&nbsp;<a title=\"Ein \u201eIm Jaich\u201c Wochenende\" href=\"https:\/\/raabe-berlin.de\/?p=5102\">Ein \u201eIm Jaich\u201c Wochenende<\/a><\/li>\n<li>13.\/14. Mit 204 Jahren auf T\u00f6rn. Vater &amp; beide S\u00f6hn unterwegs.<br \/>\nMache Dinge sollte man einfach \u00f6fter machen!<br \/>\n<a title=\"Die Herrenrunde, 204 Jahre auf Tour\" href=\"https:\/\/raabe-berlin.de\/?p=5079\" target=\"_blank\" rel=\"nofollow noopener\">Die Herrenrunde, 204 Jahre auf Tour<\/a><\/li>\n<\/ul>\n<\/li>\n<li>&nbsp;Juni\n<ul>\n<li>..hm, der Urlaubst\u00f6rn f\u00e4llt aus (Knie!), daf\u00fcr gibt es dann nur einen Wartungstag und einen Boddenblick<\/li>\n<li>08.\/09. ein kurzes WE mit Hans. Wir fallen auf den Wetterbericht rein. Anfangs unerwartet Flaute, mit dicken Wolken voraus und als wir zur\u00fcck wollen, frischt es auf. Nur ein Seetag zum Kennenlernen.<\/li>\n<\/ul>\n<\/li>\n<li>&nbsp;Mai\n<ul>\n<li>24.-26.05. DMZ &#8220;Ostseepokal&#8221;<a title=\"2024 DMZ Ostseepokal\" href=\"https:\/\/raabe-berlin.de\/?p=5066\" target=\"_blank\" rel=\"noopener\">2024 DMZ Ostseepokal<\/a>, mit Ingo<br \/>\nRegattateilnahme in der Familienklasse von Seedorf (Verein), Start in der Having, Reddewitz, Thiessow, Lauterbach, Reddewitz und To#6.<br \/>\nMit Grillabend &#8211; 6 Boote aber super organisiert.<\/li>\n<li>18.-20.05. Einmal Einhand \u00fcber Stralsund, Lauterbach zur\u00fcck nach HGW<\/li>\n<\/ul>\n<\/li>\n<li>April\n<ul>\n<li>26.-28.04. Erster <a title=\"2024 Wochenendt\u00f6rn in den Bodden\" href=\"https:\/\/raabe-berlin.de\/?p=5029\" target=\"_blank\" rel=\"noopener\">Wochenendt\u00f6rn auf dem Bodden<\/a> mit Peter<\/li>\n<li>06.04. Ansegeln mit Andr\u00e9 (Kranen war schon 22.03.)<\/li>\n<\/ul>\n<\/li>\n<\/ul>\n<hr>\n<h2>2023 .. (694 sm)<\/h2>\n<ul>\n<li>Oktober\n<ul>\n<li>21.-23.10. Sturm-WE auf dem Boot, Vorbereitung Kranen<\/li>\n<li>08.10. Die Anja zieht um. Es geht von Kr\u00f6slin nach Greifswald<\/li>\n<\/ul>\n<\/li>\n<li>September\n<ul>\n<li>22.-24.09. Und noch ein Tenner Wochenende<br \/>\nWir hatten Gl\u00fcck mit dem Wetter. Kein Regen und schon mal etwas mehr Wind. Super Segelwetter am Sonntag und am Abend kann man schon richtig Grog trinken. Ulli &#8211; Dein Grog schmeckt prima !!<\/li>\n<li>01.-06.09. <a href=\"https:\/\/www.hanseyachtsvertrieb.de\/hansecup-regatta\">25. Hanse Cup<\/a><br \/>\nda gibt es dann auch einen separaten Bericht:&nbsp;<a title=\"2023 \u2013 25. Hanse Cup\" href=\"https:\/\/raabe-berlin.de\/?p=4763\" target=\"_blank\" rel=\"noopener\">2023 \u2013 25. Hanse Cup<\/a><\/li>\n<\/ul>\n<\/li>\n<li>&nbsp;August\n<ul>\n<li>11. &#8211; 13.08. langes WE mit Uli<br \/>\nWieder Schwachwindsegeln, eine Chance f\u00fcr den CodeZero. Es geht \u00fcber Lauterbach, nach Wieck und wierder zur\u00fcck. Am zweiten Tag rutschen wir knapp am Gewitter vorbei aber daf\u00fcr etwas Wind also alles in allem ein sch\u00f6nes Segel WE.<br \/>\nDas n\u00e4chste WE f\u00e4llte dem Fahrtenseglertreffen beim SC Brise zum Opfer.<\/li>\n<li>05.08. ..hm Flaute, wir brauchen fast 2h bis zur Tonne PN8 und brechen ab<\/li>\n<\/ul>\n<\/li>\n<li>Juni\n<ul>\n<li>17. &#8211; 23.06. Bornholm<br \/>\nDer Bericht hierzu ist:&nbsp;<a title=\"2023 Bornholm-T\u00f6rn\" href=\"https:\/\/raabe-berlin.de\/?p=4708\" target=\"_blank\" rel=\"noopener\">2023 Bornholm-T\u00f6rn<\/a><\/li>\n<\/ul>\n<\/li>\n<li>Mai\n<ul>\n<li>27.-29.05. Pfingsten mit den Tenner&#8217;s<br \/>\nDer Bericht <a title=\"2023 Unser Segelt\u00f6rn \u00fcber Pfingsten\" href=\"https:\/\/raabe-berlin.de\/?p=4741\" target=\"_blank\" rel=\"noopener\">2023 Unser Segelt\u00f6rn \u00fcber Pfingsten<\/a> liest sich dann so: &#8220;&#8230; <span id=\"page23R_mcid21\" class=\"markedContent\"><span dir=\"ltr\" role=\"presentation\">Unser Segelt\u00f6rn auf der Ostsee war ein unvergessliches Erlebnis.<\/span> <span dir=\"ltr\" role=\"presentation\">Der Greifswalder <\/span><span dir=\"ltr\" role=\"presentation\">Bodden,<\/span> <span dir=\"ltr\" role=\"presentation\">die malerischen K\u00fcstenorte und die Freiheit des Segelns hinte<\/span><span dir=\"ltr\" role=\"presentation\">rlie\u00dfen einen <\/span><span dir=\"ltr\" role=\"presentation\">tiefen Eindruck bei uns. Es war eine Reise voller Herausforderungen, aber auch voller <\/span><span dir=\"ltr\" role=\"presentation\">wunderbarer Momente der Entspannung und des Genusses&#8230;&#8221; &#8211; Zu erg\u00e4nzen w\u00e4re nur unser Karaoke Abend mit DDR-Rock \ud83d\ude09 in Gager.<\/span><\/span><\/li>\n<li>12.-14.05. in kurzes WE mit Olav<br \/>\nSuper Segelwetter. Trotzdem wir am Freitag zeitig aufbrechen f\u00e4llt Gustow (Grillabend im Gutshaus Kajahn) noch aus. Also einmal Rund Vilm und dann nach Seedorf. Bei gutem Ostwind geben wir uns am n\u00e4chsten Tag eine Boddenrundfahrt und landen dann in Gager an. Die Hafengeb\u00fchren in Gager jetzt inkl. Kurtaxe! Damit avanciert der kleine Hafen ohne viel Service zu einem der teuersten.&nbsp;&nbsp;<\/li>\n<\/ul>\n<\/li>\n<li>&nbsp;April\n<ul>\n<li>28.-01.05. Der kalte Auftakt!<br \/>\n4 Seetage, bei sch\u00f6nstem Wetter und bis auf Flaute am Montag auch richtig gut Wind zum Segeln &#8230; aber KALT. Eine Boddenrundfahrt mit Robbensichtung und auch kulinarisch nicht schlecht. In Lauterbach bekommen wir beim <a href=\"https:\/\/fisch-und-steakhaus-lauterbach.de\/speisekarte\/\" target=\"_blank\" rel=\"noopener\">Fisch &amp; Steakhaus<\/a> extra zubereitete Fischbr\u00f6tchen, in Wieck gibt&#8217;s so richtig guten <a href=\"http:\/\/www.reusenhaus.de\/\" target=\"_blank\" rel=\"noopener\">Backfisch<\/a> und in Seedorf kehren wir bei den <a href=\"\/\/www.facebook.com \u203a ... \u203a Gasthof Drei Linden\" target=\"_blank\" rel=\"noopener\">Drei Linden<\/a> ein.<br \/>\n\u00dcbrigens die <a href=\"https:\/\/www.facebook.com\/people\/Restaurant-Moritzburg\/100089100652554\/\" target=\"_blank\" rel=\"noopener\">Moritzburg<\/a> hat einen neuen Betreiber. Ein Ausflug lohnt sich auf jeden Fall.&nbsp;<\/li>\n<li>15.04. Ein Arbeitstag<br \/>\nda das Skippertraining in diesem Jahr ausfiel etwas Zeit am Boot zu bauen. Leider klappt die Montage des Traveller noch nicht so richtig. Die H\u00fclsen sind zu kurz geraten.<\/li>\n<\/ul>\n<\/li>\n<\/ul>\n<hr>\n<h2>2022 .. (752 sm)<\/h2>\n<ul>\n<li>September:&nbsp;<strong><a href=\"https:\/\/www.hanseyachtsvertrieb.de\/hansecup-regatta\">24. Hanse Cup 2022:<\/a> <\/strong><a href=\"https:\/\/raabe-berlin.de\/wp-content\/uploads\/2022\/09\/24-hanse_cup_2022-_ergebnisse_gruppe_1.pdf\">24-hanse_cup_2022-_ergebnisse_gruppe_1<\/a><\/li>\n<li>August: ein &#8220;\u00d6si&#8221;-WE \ud83d\ude09 \/ Familien-WE&nbsp;<\/li>\n<li>Juli: Sassnitz \/ Rund Usedom mit Stettin (Rene&#8217;&amp;Heike)&nbsp;<a title=\"2022 Rund Usedom und Stettin\" href=\"https:\/\/raabe-berlin.de\/?p=4508\" target=\"_blank\" rel=\"noopener\">Rund Usedom und Stettin<\/a><\/li>\n<li>Juni: Gager, Baabe (Piotr) \/ Rund R\u00fcgen <a href=\"https:\/\/raabe-berlin.de\/wp-content\/uploads\/2022\/06\/220603_Logbook_Marko.pdf\" target=\"_blank\" rel=\"noopener\">220603_Logbook_Marko<\/a>&nbsp;<\/li>\n<li>Mai: Lauterbach (Peter) \/ Lauterbach (Henry)&nbsp;<\/li>\n<li>April: Saisonvorbereitung, Travellermontage<\/li>\n<\/ul>\n<hr>\n<h2>2021 &#8211; und immer noch Corona (740 sm)<\/h2>\n<ul>\n<li>Oktober: Rankwitz Einhand \/ Hausrunden und schon Schluss<\/li>\n<li>September: 23. <a href=\"https:\/\/www.hanseyachtsvertrieb.de\/hansecup-regatta\" target=\"_blank\" rel=\"noopener\">Hanse Cup<\/a>, super!! (2. Platz am 1.Tag \/ 9. Platz am 2. Tag = 5.)<\/li>\n<li>August: der spezielle Sommer\n<ul>\n<li><a href=\"https:\/\/southcoastbaltic.eu\/de\/home-de\/\" target=\"_blank\" rel=\"noopener\">South Coast Baltic &#8220;West Route&#8221;<\/a>&nbsp; &#8211;&nbsp; f\u00e4llt leider aus.<\/li>\n<li>alternativer T\u00f6rn nach Fehmarn (Orth) mit Ren\u00e9 und Heike,<br \/>\nbei stark durchwachsenem Wetter von Flaute bis Starkregen<br \/>\ninkl. ad hoc Segelreparatur alles dabei<\/li>\n<\/ul>\n<\/li>\n<li>Juli: Lauterbach &amp; Seedorf \/&nbsp;Senioren WE nach Greifswald\/Wiek<\/li>\n<li>Juni: Solarpanel montiert, Achterwasser \/&nbsp;Code-Zero T\u00f6rn Lauterbach &amp; Gager<\/li>\n<li>M\u00e4rz: neuer Liegeplatz mit langen Fingersteg, dann wieder Corona LockDown<\/li>\n<\/ul>\n<hr>\n<h2>2020 &#8211; Corona l\u00e4\u00dft gr\u00fc\u00dfen! (466 sm)<\/h2>\n<ul>\n<li>Oktober: Abschluss in Krummin<\/li>\n<li>September: <a title=\"2020 Gezeitent\u00f6rn\" href=\"https:\/\/raabe-berlin.de\/?p=4156\">2020 Gezeitent\u00f6rn<\/a> in Frankreich<\/li>\n<li>August: u.a. Gustow, Gager, Seedorf<\/li>\n<li>Juli: Code-Zero T\u00f6rns (u.a. Greifswald)<\/li>\n<li>Juni: <a title=\"2020 Segeln mit COVID-19\" href=\"https:\/\/raabe-berlin.de\/?p=4136\">Urlaubst\u00f6rn<\/a> (geplant war Schweden, naja war auch so super :-))<\/li>\n<li>Juni: Auftakt Achterwasser \/ Rankwitz<\/li>\n<li>25.05. Kranen (geplant war 09.04.), Bugspriet vorbereitet f\u00fcr CodeZero<\/li>\n<\/ul>\n<hr>\n<h2>2019 &#8211; wir lernen uns kennen (678 sm)<\/h2>\n<ul>\n<li>Oktober: Klintholm, Welle \u00fcber 2m, bis 7 Bft, l\u00e4uft super hart am Wind.<\/li>\n<li>September: Rund Usedom inkl. Stettin<\/li>\n<li>August: Vater &amp; Sohn &#8211; T\u00f6rn &#8211; Rund Usedom<\/li>\n<li>Juli: Boddenrundfahrten und Wolgast<\/li>\n<li>Juni: &#8220;<a title=\"2019 \u201eAnja\u201c unser erster T\u00f6rn\" href=\"https:\/\/raabe-berlin.de\/?p=4081\">Rund R\u00fcgen<\/a>&#8221; in Familie, alles inklusive, ganz wenig Wind, Furlex-Salat, Starkwindpause aber das Vertrauen ins Boot w\u00e4chst mit jeder Stunde auf dem Wasser.<\/li>\n<li>21.06. Taufe (Umbenennung)<\/li>\n<\/ul>\n<h3>Related Images:<\/h3>","protected":false},"excerpt":{"rendered":"<p>Wo geht es hin und wo &#8220;isse&#8221;. Anja&#8217;s kleines WebLogbuch&nbsp;mit den wichtigsten Stationen. Einfach zum Durchscrollen wo es hinging oder per AIS zum aktuellen Verfolgen. Jetzt mit AIS: &nbsp; 2025 .. (586 sm) Oktober f\u00e4llt leider wegen Sturm aus. &nbsp;September &hellip; <a href=\"https:\/\/raabe-berlin.de\/?page_id=4248\">Weiterlesen <span class=\"meta-nav\">&rarr;<\/span><\/a><\/p>\n","protected":false},"author":1,"featured_media":0,"parent":123,"menu_order":0,"comment_status":"closed","ping_status":"closed","template":"","meta":{"ngg_post_thumbnail":0,"footnotes":""},"class_list":["post-4248","page","type-page","status-publish","hentry"],"aioseo_notices":[],"_links":{"self":[{"href":"https:\/\/raabe-berlin.de\/index.php?rest_route=\/wp\/v2\/pages\/4248","targetHints":{"allow":["GET"]}}],"collection":[{"href":"https:\/\/raabe-berlin.de\/index.php?rest_route=\/wp\/v2\/pages"}],"about":[{"href":"https:\/\/raabe-berlin.de\/index.php?rest_route=\/wp\/v2\/types\/page"}],"author":[{"embeddable":true,"href":"https:\/\/raabe-berlin.de\/index.php?rest_route=\/wp\/v2\/users\/1"}],"replies":[{"embeddable":true,"href":"https:\/\/raabe-berlin.de\/index.php?rest_route=%2Fwp%2Fv2%2Fcomments&post=4248"}],"version-history":[{"count":82,"href":"https:\/\/raabe-berlin.de\/index.php?rest_route=\/wp\/v2\/pages\/4248\/revisions"}],"predecessor-version":[{"id":5426,"href":"https:\/\/raabe-berlin.de\/index.php?rest_route=\/wp\/v2\/pages\/4248\/revisions\/5426"}],"up":[{"embeddable":true,"href":"https:\/\/raabe-berlin.de\/index.php?rest_route=\/wp\/v2\/pages\/123"}],"wp:attachment":[{"href":"https:\/\/raabe-berlin.de\/index.php?rest_route=%2Fwp%2Fv2%2Fmedia&parent=4248"}],"curies":[{"name":"wp","href":"https:\/\/api.w.org\/{rel}","templated":true}]}}