{"id":4587,"date":"2023-03-12T13:21:37","date_gmt":"2023-03-12T12:21:37","guid":{"rendered":"https:\/\/raabe-berlin.de\/?page_id=4587"},"modified":"2023-10-30T18:40:43","modified_gmt":"2023-10-30T17:40:43","slug":"segelausbildung-und-kurse","status":"publish","type":"page","link":"https:\/\/raabe-berlin.de\/?page_id=4587","title":{"rendered":"Sportk\u00fcstenschifferschein"},"content":{"rendered":"<p><img loading=\"lazy\" decoding=\"async\" class=\"alignright\" src=\"https:\/\/www.segelsportcenter.de\/wp-content\/uploads\/2022\/06\/sportboot-fuehrerschein-sks.jpg\" alt=\"Sportk\u00fcstenschifferschein (SKS) - Wochenendkurs | Segelsportcenter\" width=\"151\" height=\"211\">Wer die erste H\u00fcrde &#8211; den amtlich vorgeschriebenen Sportbootf\u00fchrerschein See &#8211; genommen hat, will vielleicht einfach nur sein Wissen vertiefen oder ben\u00f6tigt einen Bef\u00e4higungsnachweis. Ich unterst\u00fctze den <a href=\"https:\/\/sc-brise.de\/ausbildung\/\" target=\"_blank\" rel=\"noopener sponsored\">SC Brise<\/a> bei der Sportk\u00fcstenschifferschein &#8211; Ausbildung und anderen Kursen, die hierf\u00fcr perfekt zugeschnitten sind.<\/p>\n<p>Der <a href=\"https:\/\/www.sportbootfuehrerscheine.org\/\" target=\"_blank\" rel=\"noopener sponsored\">Sportk\u00fcstenschifferschein<\/a> (SKS) ist ein solcher ebenfalls amtlicher Bef\u00e4higungsnachweis f\u00fcr den Bereich der k\u00fcstennahen Fahrt, d.h. bis zu 12 sm au\u00dferhalb der sogenannten Basislinie. Dieser Bef\u00e4higungsnachweis wird von vielen Yachtvercharterern inzwischen gefordert und wir vermitteln in unseren Kurse warum dies sehr sinnvoll ist.<\/p>\n<p>Segelschulen ob kommerziell oder ehrenamtlich (Vereine) sind schwer vergleichbar. Deshalb hier eine Hilfestellung, in welchen Punkten sich die Ausbildung beim SC Brise hervorhebt.&nbsp;<\/p>\n<ul>\n<li>Wir machen alles Ehrenamtlich! Wenn&#8217;s mal l\u00e4nger geht, macht nichts &#8230;<\/li>\n<li>2x 3 Std. Schifffahrtsrecht \/ Seemannschaft als Online Seminar<\/li>\n<li>2x 3 Std. Navigation (SBF See) als Online Seminar<\/li>\n<li>3 Std. Wetter als Online Seminar<\/li>\n<li>2x 5 Std. Navigation (Peilen, Str\u00f6mungsdreiecke, Gezeiten) als Pr\u00e4senzunterricht<\/li>\n<li>1x 3 Std. Navigation als Pr\u00e4senzunterricht (opt. eine weitere Einheit a 3Std.)<\/li>\n<\/ul>\n<p>Sie bekommen in 22 Stunden eine fundierte theoretische Ausbildung von erfahrenen Sportfreunden.&nbsp; Einen SKS Praxist\u00f6rn vermitteln wir oder organisieren diesen f\u00fcr unsere Teilnehmer ebenfalls.<\/p>\n<h3>Related Images:<\/h3>","protected":false},"excerpt":{"rendered":"<p>Wer die erste H\u00fcrde &#8211; den amtlich vorgeschriebenen Sportbootf\u00fchrerschein See &#8211; genommen hat, will vielleicht einfach nur sein Wissen vertiefen oder ben\u00f6tigt einen Bef\u00e4higungsnachweis. Ich unterst\u00fctze den SC Brise bei der Sportk\u00fcstenschifferschein &#8211; Ausbildung und anderen Kursen, die hierf\u00fcr perfekt &hellip; <a href=\"https:\/\/raabe-berlin.de\/?page_id=4587\">Weiterlesen <span class=\"meta-nav\">&rarr;<\/span><\/a><\/p>\n","protected":false},"author":1,"featured_media":0,"parent":0,"menu_order":0,"comment_status":"closed","ping_status":"closed","template":"","meta":{"ngg_post_thumbnail":0,"footnotes":""},"class_list":["post-4587","page","type-page","status-publish","hentry"],"aioseo_notices":[],"_links":{"self":[{"href":"https:\/\/raabe-berlin.de\/index.php?rest_route=\/wp\/v2\/pages\/4587","targetHints":{"allow":["GET"]}}],"collection":[{"href":"https:\/\/raabe-berlin.de\/index.php?rest_route=\/wp\/v2\/pages"}],"about":[{"href":"https:\/\/raabe-berlin.de\/index.php?rest_route=\/wp\/v2\/types\/page"}],"author":[{"embeddable":true,"href":"https:\/\/raabe-berlin.de\/index.php?rest_route=\/wp\/v2\/users\/1"}],"replies":[{"embeddable":true,"href":"https:\/\/raabe-berlin.de\/index.php?rest_route=%2Fwp%2Fv2%2Fcomments&post=4587"}],"version-history":[{"count":9,"href":"https:\/\/raabe-berlin.de\/index.php?rest_route=\/wp\/v2\/pages\/4587\/revisions"}],"predecessor-version":[{"id":4982,"href":"https:\/\/raabe-berlin.de\/index.php?rest_route=\/wp\/v2\/pages\/4587\/revisions\/4982"}],"wp:attachment":[{"href":"https:\/\/raabe-berlin.de\/index.php?rest_route=%2Fwp%2Fv2%2Fmedia&parent=4587"}],"curies":[{"name":"wp","href":"https:\/\/api.w.org\/{rel}","templated":true}]}}