{"id":65,"date":"2017-08-16T06:19:09","date_gmt":"2017-08-16T06:19:09","guid":{"rendered":"http:\/\/chilldiver.de\/?page_id=65"},"modified":"2024-06-04T22:00:31","modified_gmt":"2024-06-04T20:00:31","slug":"birgit","status":"publish","type":"page","link":"https:\/\/raabe-berlin.de\/?page_id=65","title":{"rendered":"Birgit&#8217;s Vita"},"content":{"rendered":"<p>Meine Schwester Geli ist \u00e4lter und mein Bruder Kalle ist j\u00fcnger. Ich bin <strong>die Mitte<\/strong>.<\/p>\n<p>Das h\u00e4tte ich jedenfalls gerne immer gehabt. Als Berliner Pflanze bin ich an der Dahme im sch\u00f6nen, gr\u00fcnen Gr\u00fcnau aufgewachsen. Als mir als Teeni die Frage gestellt wurde, ob ich denn auch Hochdeutsch sprechen k\u00f6nne, war meine Antwort: &#8220;Ja did kann ick!&#8221;. Damit war meine Karriere im Gastronomiebereich schon beim Einstellungsgespr\u00e4ch beendet.<br \/>\nGelernt habe ich dann in den Fotochemischen Werken (ORWO). Arbeitete dort bis zur Geburt unseres Sohnes und wechselte dann ins Versicherungswesen.<\/p>\n<p>Ich in ein U40, d.h. ich geh\u00f6re zu der seltenen Gruppe der jung erkrankten Parkinsonpatienten und bin nunmehr schon seit 2006 berentet. Erste Anzeichen der Krankheit habe ich im Nachhinein so 2001 bemerkt und die Diagnose kam dann 2003.<br \/>\nAber davon lassen wir uns nicht unterkriegen.<\/p>\n<p>Mein gro\u00dfes Hobby war T\u00f6pfern und ja &#8230; bis 2022 bin ich mit auf\u2019s Wasser gegangen.<br \/>\nDer Spa\u00df am T\u00f6pfern ist mir etwas abhanden gekommen. Mitsegeln ist zu schwierig geworden, ich versuche es jetzt mit anderen Geschicklichkeits\u00fcbungen.&nbsp;<\/p>\n<h3>Related Images:<\/h3>","protected":false},"excerpt":{"rendered":"<p>Meine Schwester Geli ist \u00e4lter und mein Bruder Kalle ist j\u00fcnger. Ich bin die Mitte. Das h\u00e4tte ich jedenfalls gerne immer gehabt. Als Berliner Pflanze bin ich an der Dahme im sch\u00f6nen, gr\u00fcnen Gr\u00fcnau aufgewachsen. Als mir als Teeni die &hellip; <a href=\"https:\/\/raabe-berlin.de\/?page_id=65\">Weiterlesen <span class=\"meta-nav\">&rarr;<\/span><\/a><\/p>\n","protected":false},"author":1,"featured_media":0,"parent":0,"menu_order":0,"comment_status":"closed","ping_status":"closed","template":"","meta":{"ngg_post_thumbnail":0,"footnotes":""},"class_list":["post-65","page","type-page","status-publish","hentry"],"aioseo_notices":[],"_links":{"self":[{"href":"https:\/\/raabe-berlin.de\/index.php?rest_route=\/wp\/v2\/pages\/65","targetHints":{"allow":["GET"]}}],"collection":[{"href":"https:\/\/raabe-berlin.de\/index.php?rest_route=\/wp\/v2\/pages"}],"about":[{"href":"https:\/\/raabe-berlin.de\/index.php?rest_route=\/wp\/v2\/types\/page"}],"author":[{"embeddable":true,"href":"https:\/\/raabe-berlin.de\/index.php?rest_route=\/wp\/v2\/users\/1"}],"replies":[{"embeddable":true,"href":"https:\/\/raabe-berlin.de\/index.php?rest_route=%2Fwp%2Fv2%2Fcomments&post=65"}],"version-history":[{"count":7,"href":"https:\/\/raabe-berlin.de\/index.php?rest_route=\/wp\/v2\/pages\/65\/revisions"}],"predecessor-version":[{"id":5073,"href":"https:\/\/raabe-berlin.de\/index.php?rest_route=\/wp\/v2\/pages\/65\/revisions\/5073"}],"wp:attachment":[{"href":"https:\/\/raabe-berlin.de\/index.php?rest_route=%2Fwp%2Fv2%2Fmedia&parent=65"}],"curies":[{"name":"wp","href":"https:\/\/api.w.org\/{rel}","templated":true}]}}