{"id":84,"date":"2017-08-16T18:24:43","date_gmt":"2017-08-16T18:24:43","guid":{"rendered":"http:\/\/chilldiver.de\/?page_id=84"},"modified":"2017-09-06T20:56:55","modified_gmt":"2017-09-06T18:56:55","slug":"was-macht-mann-nicht-alles-um-nicht-faul-am-strand-zu-liegen","status":"publish","type":"page","link":"https:\/\/raabe-berlin.de\/?page_id=84","title":{"rendered":"Was macht &#8220;Mann&#8221; nicht alles, &#8230;"},"content":{"rendered":"<p align=\"justify\"><img loading=\"lazy\" decoding=\"async\" class=\"content alignleft\" src=\"https:\/\/raabe-berlin.de\/wp-content\/uploads\/2017\/09\/Hurgada_1.jpg\" alt=\"Hurgada_1.jpg\" width=\"200\" height=\"135\" align=\"left\">Hurgada 2000 und nichts wie Sonne &#8230;, da kam der vers\u00f6hnliche \ud83d\ude09 Vorschlag von der Familie es doch mal mit Schnuppertauchen zu probieren wie gelegen.<\/p>\n<p align=\"justify\">Zwar noch etwas skeptisch aber nach zwei Poolrunden schon begeistert, begann ich mein Einstieg in die Unterwasserwelt. Die Italienische Tauchbasis war nicht so \u00fcberf\u00fcllt und trotz Ausbildung in Englisch f\u00fchlte ich mich dort sehr gut aufgehoben. Die Praxisausbildung war dann mit 2 Guides pro Kopf sehr ausf\u00fchrlich.<\/p>\n<p><img loading=\"lazy\" decoding=\"async\" class=\"alignright\" src=\"https:\/\/raabe-berlin.de\/wp-content\/uploads\/2017\/09\/Hurgada_3.jpg\" alt=\"Hurgada_3.jpg\" width=\"200\" height=\"135\" align=\"right\"><\/p>\n<p align=\"justify\">Tauchen entwickelte sich gerade zu einer Trendsportart und unser Hotel lag damals am \u00e4u\u00dfersten s\u00fcdlichen Rand der Hotelketten. Strom gab es nur per Generator und der lief die ganze Nacht :-(. Trotz des noch relativ moderaten Tourismus, konnte es 2000 an den Tauchspots schon ziemlich eng zugehen.<\/p>\n<p align=\"justify\">Was sich Careless Riff nannte (siehe Bild), sah wenig sp\u00e4ter wie eine Marina aus. Gl\u00fccklich wer im ersten Boot war und unter Wasser sein Tauchboot wieder gefunden hat.<\/p>\n<p align=\"justify\">Die &#8220;<a href=\"https:\/\/raabe-berlin.de\/?page_id=69\">Chill Diver<\/a>&#8221; sind eine lose Gruppe, die aus diesem Hobby entstand. Da die Segelsaison doch recht kurz und intensiv ist, bleiben momentan allerdings nur spontane Ausfl\u00fcge oder &#8220;Unterwasserwartungen&#8221; f\u00fcr das Tauchen \u00fcbrig.<\/p>\n<h3>Related Images:<\/h3>","protected":false},"excerpt":{"rendered":"<p>Hurgada 2000 und nichts wie Sonne &#8230;, da kam der vers\u00f6hnliche \ud83d\ude09 Vorschlag von der Familie es doch mal mit Schnuppertauchen zu probieren wie gelegen. Zwar noch etwas skeptisch aber nach zwei Poolrunden schon begeistert, begann ich mein Einstieg in &hellip; <a href=\"https:\/\/raabe-berlin.de\/?page_id=84\">Weiterlesen <span class=\"meta-nav\">&rarr;<\/span><\/a><\/p>\n","protected":false},"author":1,"featured_media":0,"parent":0,"menu_order":0,"comment_status":"closed","ping_status":"closed","template":"","meta":{"ngg_post_thumbnail":0,"footnotes":""},"class_list":["post-84","page","type-page","status-publish","hentry"],"aioseo_notices":[],"_links":{"self":[{"href":"https:\/\/raabe-berlin.de\/index.php?rest_route=\/wp\/v2\/pages\/84","targetHints":{"allow":["GET"]}}],"collection":[{"href":"https:\/\/raabe-berlin.de\/index.php?rest_route=\/wp\/v2\/pages"}],"about":[{"href":"https:\/\/raabe-berlin.de\/index.php?rest_route=\/wp\/v2\/types\/page"}],"author":[{"embeddable":true,"href":"https:\/\/raabe-berlin.de\/index.php?rest_route=\/wp\/v2\/users\/1"}],"replies":[{"embeddable":true,"href":"https:\/\/raabe-berlin.de\/index.php?rest_route=%2Fwp%2Fv2%2Fcomments&post=84"}],"version-history":[{"count":11,"href":"https:\/\/raabe-berlin.de\/index.php?rest_route=\/wp\/v2\/pages\/84\/revisions"}],"predecessor-version":[{"id":3729,"href":"https:\/\/raabe-berlin.de\/index.php?rest_route=\/wp\/v2\/pages\/84\/revisions\/3729"}],"wp:attachment":[{"href":"https:\/\/raabe-berlin.de\/index.php?rest_route=%2Fwp%2Fv2%2Fmedia&parent=84"}],"curies":[{"name":"wp","href":"https:\/\/api.w.org\/{rel}","templated":true}]}}